{"id":126,"date":"2023-02-15T07:48:39","date_gmt":"2023-02-15T07:48:39","guid":{"rendered":"https:\/\/medistar.hu\/?page_id=126"},"modified":"2023-07-27T09:17:54","modified_gmt":"2023-07-27T09:17:54","slug":"sebeszet","status":"publish","type":"page","link":"https:\/\/medistar.hu\/index.php\/sebeszet\/","title":{"rendered":"Seb\u00e9szet"},"content":{"rendered":"\t\t<div data-elementor-type=\"wp-page\" data-elementor-id=\"126\" class=\"elementor elementor-126\">\n\t\t\t\t\t\t<section class=\"elementor-section elementor-top-section elementor-element elementor-element-f7b6a0f elementor-section-boxed elementor-section-height-default elementor-section-height-default\" data-id=\"f7b6a0f\" data-element_type=\"section\" data-e-type=\"section\">\n\t\t\t\t\t\t<div class=\"elementor-container elementor-column-gap-default\">\n\t\t\t\t\t<div class=\"elementor-column elementor-col-100 elementor-top-column elementor-element elementor-element-5d470f8\" data-id=\"5d470f8\" data-element_type=\"column\" data-e-type=\"column\">\n\t\t\t<div class=\"elementor-widget-wrap elementor-element-populated\">\n\t\t\t\t\t\t<div class=\"elementor-element elementor-element-cb06d3d elementor-widget elementor-widget-heading\" data-id=\"cb06d3d\" data-element_type=\"widget\" data-e-type=\"widget\" data-widget_type=\"heading.default\">\n\t\t\t\t<div class=\"elementor-widget-container\">\n\t\t\t\t\t<h2 class=\"elementor-heading-title elementor-size-default\">Seb\u00e9szet<\/h2>\t\t\t\t<\/div>\n\t\t\t\t<\/div>\n\t\t\t\t\t<\/div>\n\t\t<\/div>\n\t\t\t\t\t<\/div>\n\t\t<\/section>\n\t\t\t\t<section class=\"elementor-section elementor-top-section elementor-element elementor-element-94c4787 elementor-section-full_width elementor-section-content-bottom elementor-section-stretched elementor-section-height-default elementor-section-height-default\" data-id=\"94c4787\" data-element_type=\"section\" data-e-type=\"section\" data-settings=\"{&quot;stretch_section&quot;:&quot;section-stretched&quot;}\">\n\t\t\t\t\t\t\t<div class=\"elementor-background-overlay\"><\/div>\n\t\t\t\t\t\t\t<div class=\"elementor-container elementor-column-gap-no\">\n\t\t\t\t\t<div class=\"elementor-column elementor-col-33 elementor-top-column elementor-element elementor-element-6e23dfa\" data-id=\"6e23dfa\" data-element_type=\"column\" data-e-type=\"column\">\n\t\t\t<div class=\"elementor-widget-wrap elementor-element-populated\">\n\t\t\t\t\t\t<div class=\"elementor-element elementor-element-951e9a4 elementor-widget elementor-widget-image\" data-id=\"951e9a4\" data-element_type=\"widget\" data-e-type=\"widget\" data-widget_type=\"image.default\">\n\t\t\t\t<div class=\"elementor-widget-container\">\n\t\t\t\t\t\t\t\t\t\t\t\t\t\t\t<img fetchpriority=\"high\" decoding=\"async\" width=\"711\" height=\"400\" src=\"https:\/\/medistar.hu\/wp-content\/uploads\/2023\/02\/lablec-img-2.png\" class=\"attachment-large size-large wp-image-282\" alt=\"\" srcset=\"https:\/\/medistar.hu\/wp-content\/uploads\/2023\/02\/lablec-img-2.png 711w, https:\/\/medistar.hu\/wp-content\/uploads\/2023\/02\/lablec-img-2-300x169.png 300w\" sizes=\"(max-width: 711px) 100vw, 711px\" \/>\t\t\t\t\t\t\t\t\t\t\t\t\t\t\t<\/div>\n\t\t\t\t<\/div>\n\t\t\t\t\t<\/div>\n\t\t<\/div>\n\t\t\t\t<div class=\"elementor-column elementor-col-33 elementor-top-column elementor-element elementor-element-fa5fa47\" data-id=\"fa5fa47\" data-element_type=\"column\" data-e-type=\"column\">\n\t\t\t<div class=\"elementor-widget-wrap elementor-element-populated\">\n\t\t\t\t\t\t<div class=\"elementor-element elementor-element-3b9c247 elementor-widget elementor-widget-image\" data-id=\"3b9c247\" data-element_type=\"widget\" data-e-type=\"widget\" data-widget_type=\"image.default\">\n\t\t\t\t<div class=\"elementor-widget-container\">\n\t\t\t\t\t\t\t\t\t\t\t\t\t\t\t<img decoding=\"async\" width=\"300\" height=\"163\" src=\"https:\/\/medistar.hu\/wp-content\/uploads\/2023\/02\/medistar-2-300x163.png\" class=\"attachment-medium size-medium wp-image-283\" alt=\"\" srcset=\"https:\/\/medistar.hu\/wp-content\/uploads\/2023\/02\/medistar-2-300x163.png 300w, https:\/\/medistar.hu\/wp-content\/uploads\/2023\/02\/medistar-2.png 600w\" sizes=\"(max-width: 300px) 100vw, 300px\" \/>\t\t\t\t\t\t\t\t\t\t\t\t\t\t\t<\/div>\n\t\t\t\t<\/div>\n\t\t\t\t<section class=\"elementor-section elementor-inner-section elementor-element elementor-element-7d9f7de elementor-section-full_width elementor-section-height-default elementor-section-height-default\" data-id=\"7d9f7de\" data-element_type=\"section\" data-e-type=\"section\">\n\t\t\t\t\t\t<div class=\"elementor-container elementor-column-gap-no\">\n\t\t\t\t\t<div class=\"elementor-column elementor-col-100 elementor-inner-column elementor-element elementor-element-09f674f\" data-id=\"09f674f\" data-element_type=\"column\" data-e-type=\"column\">\n\t\t\t<div class=\"elementor-widget-wrap elementor-element-populated\">\n\t\t\t\t\t\t<div class=\"elementor-element elementor-element-793abc7 elementor-widget elementor-widget-image\" data-id=\"793abc7\" data-element_type=\"widget\" data-e-type=\"widget\" data-widget_type=\"image.default\">\n\t\t\t\t<div class=\"elementor-widget-container\">\n\t\t\t\t\t\t\t\t\t\t\t\t\t\t\t<img decoding=\"async\" width=\"711\" height=\"53\" src=\"https:\/\/medistar.hu\/wp-content\/uploads\/2023\/02\/lablec-csik.png\" class=\"attachment-large size-large wp-image-254\" alt=\"\" srcset=\"https:\/\/medistar.hu\/wp-content\/uploads\/2023\/02\/lablec-csik.png 711w, https:\/\/medistar.hu\/wp-content\/uploads\/2023\/02\/lablec-csik-300x22.png 300w\" sizes=\"(max-width: 711px) 100vw, 711px\" \/>\t\t\t\t\t\t\t\t\t\t\t\t\t\t\t<\/div>\n\t\t\t\t<\/div>\n\t\t\t\t\t<\/div>\n\t\t<\/div>\n\t\t\t\t\t<\/div>\n\t\t<\/section>\n\t\t\t\t\t<\/div>\n\t\t<\/div>\n\t\t\t\t<div class=\"elementor-column elementor-col-33 elementor-top-column elementor-element elementor-element-e6ae87b\" data-id=\"e6ae87b\" data-element_type=\"column\" data-e-type=\"column\">\n\t\t\t<div class=\"elementor-widget-wrap elementor-element-populated\">\n\t\t\t\t\t\t<div class=\"elementor-element elementor-element-26c7be7 elementor-widget elementor-widget-html\" data-id=\"26c7be7\" data-element_type=\"widget\" data-e-type=\"widget\" data-widget_type=\"html.default\">\n\t\t\t\t<div class=\"elementor-widget-container\">\n\t\t\t\t\t<img decoding=\"async\" src=\"https:\/\/medistar.hu\/wp-content\/uploads\/2023\/02\/Icon-Cim.png\" style=\"vertical-align: middle; width: 35px;\"> 6721 Szeged Juh\u00e1sz Gyula utca. 16.<br>\n<img decoding=\"async\" src=\"https:\/\/medistar.hu\/wp-content\/uploads\/2023\/02\/Icon-Tel.png\" style=\"vertical-align: middle; width: 35px;\"> 62\/425-499<br>\n<img decoding=\"async\" src=\"https:\/\/medistar.hu\/wp-content\/uploads\/2023\/02\/Icon-Mobil.png\" style=\"vertical-align: middle; width: 35px;\"> +36-30\/756-0332<br>\n<img decoding=\"async\" src=\"https:\/\/medistar.hu\/wp-content\/uploads\/2023\/02\/Icon-EMail.png\" style=\"vertical-align: middle; width: 35px;\"> medistarkft@gmail.com<br>\n\t\t\t\t<\/div>\n\t\t\t\t<\/div>\n\t\t\t\t<section class=\"elementor-section elementor-inner-section elementor-element elementor-element-d3eb0b8 elementor-section-full_width elementor-section-height-default elementor-section-height-default\" data-id=\"d3eb0b8\" data-element_type=\"section\" data-e-type=\"section\">\n\t\t\t\t\t\t<div class=\"elementor-container elementor-column-gap-no\">\n\t\t\t\t\t<div class=\"elementor-column elementor-col-100 elementor-inner-column elementor-element elementor-element-6bdabdc\" data-id=\"6bdabdc\" data-element_type=\"column\" data-e-type=\"column\">\n\t\t\t<div class=\"elementor-widget-wrap elementor-element-populated\">\n\t\t\t\t\t\t<div class=\"elementor-element elementor-element-cd1d9b1 elementor-widget elementor-widget-image\" data-id=\"cd1d9b1\" data-element_type=\"widget\" data-e-type=\"widget\" data-widget_type=\"image.default\">\n\t\t\t\t<div class=\"elementor-widget-container\">\n\t\t\t\t\t\t\t\t\t\t\t\t\t\t\t<img decoding=\"async\" width=\"711\" height=\"53\" src=\"https:\/\/medistar.hu\/wp-content\/uploads\/2023\/02\/lablec-csik.png\" class=\"attachment-large size-large wp-image-254\" alt=\"\" srcset=\"https:\/\/medistar.hu\/wp-content\/uploads\/2023\/02\/lablec-csik.png 711w, https:\/\/medistar.hu\/wp-content\/uploads\/2023\/02\/lablec-csik-300x22.png 300w\" sizes=\"(max-width: 711px) 100vw, 711px\" \/>\t\t\t\t\t\t\t\t\t\t\t\t\t\t\t<\/div>\n\t\t\t\t<\/div>\n\t\t\t\t\t<\/div>\n\t\t<\/div>\n\t\t\t\t\t<\/div>\n\t\t<\/section>\n\t\t\t\t\t<\/div>\n\t\t<\/div>\n\t\t\t\t\t<\/div>\n\t\t<\/section>\n\t\t\t\t<section class=\"elementor-section elementor-top-section elementor-element elementor-element-a324b9b elementor-section-full_width elementor-section-content-middle elementor-section-stretched elementor-section-height-default elementor-section-height-default\" data-id=\"a324b9b\" data-element_type=\"section\" data-e-type=\"section\" data-settings=\"{&quot;stretch_section&quot;:&quot;section-stretched&quot;,&quot;background_background&quot;:&quot;classic&quot;}\">\n\t\t\t\t\t\t<div class=\"elementor-container elementor-column-gap-no\">\n\t\t\t\t\t<div class=\"elementor-column elementor-col-50 elementor-top-column elementor-element elementor-element-b6d4d5c\" data-id=\"b6d4d5c\" data-element_type=\"column\" data-e-type=\"column\">\n\t\t\t<div class=\"elementor-widget-wrap elementor-element-populated\">\n\t\t\t\t\t\t<div class=\"elementor-element elementor-element-f47c361 elementor-widget elementor-widget-html\" data-id=\"f47c361\" data-element_type=\"widget\" data-e-type=\"widget\" data-widget_type=\"html.default\">\n\t\t\t\t<div class=\"elementor-widget-container\">\n\t\t\t\t\t<img decoding=\"async\" src=\"https:\/\/medistar.hu\/wp-content\/uploads\/2023\/02\/Icon-Tel.png\" style=\"vertical-align: middle; width: 35px;margin: 2px;\"> 62\/425-499\t\t\t\t<\/div>\n\t\t\t\t<\/div>\n\t\t\t\t\t<\/div>\n\t\t<\/div>\n\t\t\t\t<div class=\"elementor-column elementor-col-50 elementor-top-column elementor-element elementor-element-3253e52\" data-id=\"3253e52\" data-element_type=\"column\" data-e-type=\"column\">\n\t\t\t<div class=\"elementor-widget-wrap elementor-element-populated\">\n\t\t\t\t\t\t<div class=\"elementor-element elementor-element-4ba3a6e elementor-widget elementor-widget-html\" data-id=\"4ba3a6e\" data-element_type=\"widget\" data-e-type=\"widget\" data-widget_type=\"html.default\">\n\t\t\t\t<div class=\"elementor-widget-container\">\n\t\t\t\t\t<img decoding=\"async\" src=\"https:\/\/medistar.hu\/wp-content\/uploads\/2023\/02\/Icon-Mobil.png\" style=\"vertical-align: middle; width: 35px;margin: 2px;\"> +36-30\/756-0332\t\t\t\t<\/div>\n\t\t\t\t<\/div>\n\t\t\t\t\t<\/div>\n\t\t<\/div>\n\t\t\t\t\t<\/div>\n\t\t<\/section>\n\t\t\t\t<\/div>\n\t\t","protected":false},"excerpt":{"rendered":"<p>Seb\u00e9szet 6721 Szeged Juh\u00e1sz Gyula utca. 16. 62\/425-499 +36-30\/756-0332 medistarkft@gmail.com 62\/425-499 +36-30\/756-0332<\/p>\n","protected":false},"author":1,"featured_media":0,"parent":0,"menu_order":0,"comment_status":"closed","ping_status":"closed","template":"","meta":{"site-sidebar-layout":"default","site-content-layout":"default","ast-global-header-display":"","ast-main-header-display":"","ast-hfb-above-header-display":"","ast-hfb-below-header-display":"","ast-hfb-mobile-header-display":"","site-post-title":"","ast-breadcrumbs-content":"","ast-featured-img":"","footer-sml-layout":"","theme-transparent-header-meta":"","adv-header-id-meta":"","stick-header-meta":"","header-above-stick-meta":"","header-main-stick-meta":"","header-below-stick-meta":"","footnotes":""},"class_list":["post-126","page","type-page","status-publish","hentry"],"yoast_head":"<!-- This site is optimized with the Yoast SEO plugin v20.4 - https:\/\/yoast.com\/wordpress\/plugins\/seo\/ -->\n<title>Seb\u00e9szet -<\/title>\n<meta name=\"robots\" content=\"index, follow, max-snippet:-1, max-image-preview:large, max-video-preview:-1\" \/>\n<link rel=\"canonical\" href=\"https:\/\/medistar.hu\/index.php\/sebeszet\/\" \/>\n<meta property=\"og:locale\" content=\"hu_HU\" \/>\n<meta property=\"og:type\" content=\"article\" \/>\n<meta property=\"og:title\" content=\"Seb\u00e9szet -\" \/>\n<meta property=\"og:description\" content=\"Seb\u00e9szet 6721 Szeged Juh\u00e1sz Gyula utca. 16. 62\/425-499 +36-30\/756-0332 medistarkft@gmail.com 62\/425-499 +36-30\/756-0332\" \/>\n<meta property=\"og:url\" content=\"https:\/\/medistar.hu\/index.php\/sebeszet\/\" \/>\n<meta property=\"article:modified_time\" content=\"2023-07-27T09:17:54+00:00\" \/>\n<meta property=\"og:image\" content=\"https:\/\/medistar.hu\/wp-content\/uploads\/2023\/02\/lablec-img-2.png\" \/>\n<meta name=\"twitter:card\" content=\"summary_large_image\" \/>\n<meta name=\"twitter:label1\" content=\"Becs\u00fclt olvas\u00e1si id\u0151\" \/>\n\t<meta name=\"twitter:data1\" content=\"3 perc\" \/>\n<script type=\"application\/ld+json\" class=\"yoast-schema-graph\">{\"@context\":\"https:\/\/schema.org\",\"@graph\":[{\"@type\":\"WebPage\",\"@id\":\"https:\/\/medistar.hu\/index.php\/sebeszet\/\",\"url\":\"https:\/\/medistar.hu\/index.php\/sebeszet\/\",\"name\":\"Seb\u00e9szet -\",\"isPartOf\":{\"@id\":\"https:\/\/medistar.hu\/#website\"},\"datePublished\":\"2023-02-15T07:48:39+00:00\",\"dateModified\":\"2023-07-27T09:17:54+00:00\",\"breadcrumb\":{\"@id\":\"https:\/\/medistar.hu\/index.php\/sebeszet\/#breadcrumb\"},\"inLanguage\":\"hu\",\"potentialAction\":[{\"@type\":\"ReadAction\",\"target\":[\"https:\/\/medistar.hu\/index.php\/sebeszet\/\"]}]},{\"@type\":\"BreadcrumbList\",\"@id\":\"https:\/\/medistar.hu\/index.php\/sebeszet\/#breadcrumb\",\"itemListElement\":[{\"@type\":\"ListItem\",\"position\":1,\"name\":\"Kezd\u0151lap\",\"item\":\"https:\/\/medistar.hu\/\"},{\"@type\":\"ListItem\",\"position\":2,\"name\":\"Seb\u00e9szet\"}]},{\"@type\":\"WebSite\",\"@id\":\"https:\/\/medistar.hu\/#website\",\"url\":\"https:\/\/medistar.hu\/\",\"name\":\"\",\"description\":\"\",\"potentialAction\":[{\"@type\":\"SearchAction\",\"target\":{\"@type\":\"EntryPoint\",\"urlTemplate\":\"https:\/\/medistar.hu\/?s={search_term_string}\"},\"query-input\":\"required name=search_term_string\"}],\"inLanguage\":\"hu\"}]}<\/script>\n<!-- \/ Yoast SEO plugin. -->","yoast_head_json":{"title":"Seb\u00e9szet -","robots":{"index":"index","follow":"follow","max-snippet":"max-snippet:-1","max-image-preview":"max-image-preview:large","max-video-preview":"max-video-preview:-1"},"canonical":"https:\/\/medistar.hu\/index.php\/sebeszet\/","og_locale":"hu_HU","og_type":"article","og_title":"Seb\u00e9szet -","og_description":"Seb\u00e9szet 6721 Szeged Juh\u00e1sz Gyula utca. 16. 62\/425-499 +36-30\/756-0332 medistarkft@gmail.com 62\/425-499 +36-30\/756-0332","og_url":"https:\/\/medistar.hu\/index.php\/sebeszet\/","article_modified_time":"2023-07-27T09:17:54+00:00","og_image":[{"url":"https:\/\/medistar.hu\/wp-content\/uploads\/2023\/02\/lablec-img-2.png"}],"twitter_card":"summary_large_image","twitter_misc":{"Becs\u00fclt olvas\u00e1si id\u0151":"3 perc"},"schema":{"@context":"https:\/\/schema.org","@graph":[{"@type":"WebPage","@id":"https:\/\/medistar.hu\/index.php\/sebeszet\/","url":"https:\/\/medistar.hu\/index.php\/sebeszet\/","name":"Seb\u00e9szet -","isPartOf":{"@id":"https:\/\/medistar.hu\/#website"},"datePublished":"2023-02-15T07:48:39+00:00","dateModified":"2023-07-27T09:17:54+00:00","breadcrumb":{"@id":"https:\/\/medistar.hu\/index.php\/sebeszet\/#breadcrumb"},"inLanguage":"hu","potentialAction":[{"@type":"ReadAction","target":["https:\/\/medistar.hu\/index.php\/sebeszet\/"]}]},{"@type":"BreadcrumbList","@id":"https:\/\/medistar.hu\/index.php\/sebeszet\/#breadcrumb","itemListElement":[{"@type":"ListItem","position":1,"name":"Kezd\u0151lap","item":"https:\/\/medistar.hu\/"},{"@type":"ListItem","position":2,"name":"Seb\u00e9szet"}]},{"@type":"WebSite","@id":"https:\/\/medistar.hu\/#website","url":"https:\/\/medistar.hu\/","name":"","description":"","potentialAction":[{"@type":"SearchAction","target":{"@type":"EntryPoint","urlTemplate":"https:\/\/medistar.hu\/?s={search_term_string}"},"query-input":"required name=search_term_string"}],"inLanguage":"hu"}]}},"_links":{"self":[{"href":"https:\/\/medistar.hu\/index.php\/wp-json\/wp\/v2\/pages\/126","targetHints":{"allow":["GET"]}}],"collection":[{"href":"https:\/\/medistar.hu\/index.php\/wp-json\/wp\/v2\/pages"}],"about":[{"href":"https:\/\/medistar.hu\/index.php\/wp-json\/wp\/v2\/types\/page"}],"author":[{"embeddable":true,"href":"https:\/\/medistar.hu\/index.php\/wp-json\/wp\/v2\/users\/1"}],"replies":[{"embeddable":true,"href":"https:\/\/medistar.hu\/index.php\/wp-json\/wp\/v2\/comments?post=126"}],"version-history":[{"count":10,"href":"https:\/\/medistar.hu\/index.php\/wp-json\/wp\/v2\/pages\/126\/revisions"}],"predecessor-version":[{"id":417,"href":"https:\/\/medistar.hu\/index.php\/wp-json\/wp\/v2\/pages\/126\/revisions\/417"}],"wp:attachment":[{"href":"https:\/\/medistar.hu\/index.php\/wp-json\/wp\/v2\/media?parent=126"}],"curies":[{"name":"wp","href":"https:\/\/api.w.org\/{rel}","templated":true}]}}