{"id":148,"date":"2023-02-15T07:58:17","date_gmt":"2023-02-15T07:58:17","guid":{"rendered":"https:\/\/medistar.hu\/?page_id=148"},"modified":"2023-07-27T09:31:00","modified_gmt":"2023-07-27T09:31:00","slug":"omega-3","status":"publish","type":"page","link":"https:\/\/medistar.hu\/index.php\/omega-3\/","title":{"rendered":"Omega-3"},"content":{"rendered":"\t\t<div data-elementor-type=\"wp-page\" data-elementor-id=\"148\" class=\"elementor elementor-148\">\n\t\t\t\t\t\t<section class=\"elementor-section elementor-top-section elementor-element elementor-element-f7b6a0f elementor-section-boxed elementor-section-height-default elementor-section-height-default\" data-id=\"f7b6a0f\" data-element_type=\"section\" data-e-type=\"section\">\n\t\t\t\t\t\t<div class=\"elementor-container elementor-column-gap-default\">\n\t\t\t\t\t<div class=\"elementor-column elementor-col-100 elementor-top-column elementor-element elementor-element-5d470f8\" data-id=\"5d470f8\" data-element_type=\"column\" data-e-type=\"column\">\n\t\t\t<div class=\"elementor-widget-wrap elementor-element-populated\">\n\t\t\t\t\t\t<div class=\"elementor-element elementor-element-cb06d3d elementor-widget elementor-widget-heading\" data-id=\"cb06d3d\" data-element_type=\"widget\" data-e-type=\"widget\" data-widget_type=\"heading.default\">\n\t\t\t\t<div class=\"elementor-widget-container\">\n\t\t\t\t\t<h2 class=\"elementor-heading-title elementor-size-default\">Omega 3<\/h2>\t\t\t\t<\/div>\n\t\t\t\t<\/div>\n\t\t\t\t\t<\/div>\n\t\t<\/div>\n\t\t\t\t\t<\/div>\n\t\t<\/section>\n\t\t\t\t<section class=\"elementor-section elementor-top-section elementor-element elementor-element-c7a3a55 elementor-section-full_width elementor-section-content-bottom elementor-section-stretched elementor-section-height-default elementor-section-height-default\" data-id=\"c7a3a55\" data-element_type=\"section\" data-e-type=\"section\" data-settings=\"{&quot;stretch_section&quot;:&quot;section-stretched&quot;}\">\n\t\t\t\t\t\t\t<div class=\"elementor-background-overlay\"><\/div>\n\t\t\t\t\t\t\t<div class=\"elementor-container elementor-column-gap-no\">\n\t\t\t\t\t<div class=\"elementor-column elementor-col-33 elementor-top-column elementor-element elementor-element-c9c3484\" data-id=\"c9c3484\" data-element_type=\"column\" data-e-type=\"column\">\n\t\t\t<div class=\"elementor-widget-wrap elementor-element-populated\">\n\t\t\t\t\t\t<div class=\"elementor-element elementor-element-bb513f1 elementor-widget elementor-widget-image\" data-id=\"bb513f1\" data-element_type=\"widget\" data-e-type=\"widget\" data-widget_type=\"image.default\">\n\t\t\t\t<div class=\"elementor-widget-container\">\n\t\t\t\t\t\t\t\t\t\t\t\t\t\t\t<img fetchpriority=\"high\" decoding=\"async\" width=\"711\" height=\"400\" src=\"https:\/\/medistar.hu\/wp-content\/uploads\/2023\/02\/lablec-img-2.png\" class=\"attachment-large size-large wp-image-282\" alt=\"\" srcset=\"https:\/\/medistar.hu\/wp-content\/uploads\/2023\/02\/lablec-img-2.png 711w, https:\/\/medistar.hu\/wp-content\/uploads\/2023\/02\/lablec-img-2-300x169.png 300w\" sizes=\"(max-width: 711px) 100vw, 711px\" \/>\t\t\t\t\t\t\t\t\t\t\t\t\t\t\t<\/div>\n\t\t\t\t<\/div>\n\t\t\t\t\t<\/div>\n\t\t<\/div>\n\t\t\t\t<div class=\"elementor-column elementor-col-33 elementor-top-column elementor-element elementor-element-4798384\" data-id=\"4798384\" data-element_type=\"column\" data-e-type=\"column\">\n\t\t\t<div class=\"elementor-widget-wrap elementor-element-populated\">\n\t\t\t\t\t\t<div class=\"elementor-element elementor-element-6f71332 elementor-widget elementor-widget-image\" data-id=\"6f71332\" data-element_type=\"widget\" data-e-type=\"widget\" data-widget_type=\"image.default\">\n\t\t\t\t<div class=\"elementor-widget-container\">\n\t\t\t\t\t\t\t\t\t\t\t\t\t\t\t<img decoding=\"async\" width=\"300\" height=\"163\" src=\"https:\/\/medistar.hu\/wp-content\/uploads\/2023\/02\/medistar-2-300x163.png\" class=\"attachment-medium size-medium wp-image-283\" alt=\"\" srcset=\"https:\/\/medistar.hu\/wp-content\/uploads\/2023\/02\/medistar-2-300x163.png 300w, https:\/\/medistar.hu\/wp-content\/uploads\/2023\/02\/medistar-2.png 600w\" sizes=\"(max-width: 300px) 100vw, 300px\" \/>\t\t\t\t\t\t\t\t\t\t\t\t\t\t\t<\/div>\n\t\t\t\t<\/div>\n\t\t\t\t<section class=\"elementor-section elementor-inner-section elementor-element elementor-element-5fcfe25 elementor-section-full_width elementor-section-height-default elementor-section-height-default\" data-id=\"5fcfe25\" data-element_type=\"section\" data-e-type=\"section\">\n\t\t\t\t\t\t<div class=\"elementor-container elementor-column-gap-no\">\n\t\t\t\t\t<div class=\"elementor-column elementor-col-100 elementor-inner-column elementor-element elementor-element-9bcf208\" data-id=\"9bcf208\" data-element_type=\"column\" data-e-type=\"column\">\n\t\t\t<div class=\"elementor-widget-wrap elementor-element-populated\">\n\t\t\t\t\t\t<div class=\"elementor-element elementor-element-65271ef elementor-widget elementor-widget-image\" data-id=\"65271ef\" data-element_type=\"widget\" data-e-type=\"widget\" data-widget_type=\"image.default\">\n\t\t\t\t<div class=\"elementor-widget-container\">\n\t\t\t\t\t\t\t\t\t\t\t\t\t\t\t<img decoding=\"async\" width=\"711\" height=\"53\" src=\"https:\/\/medistar.hu\/wp-content\/uploads\/2023\/02\/lablec-csik.png\" class=\"attachment-large size-large wp-image-254\" alt=\"\" srcset=\"https:\/\/medistar.hu\/wp-content\/uploads\/2023\/02\/lablec-csik.png 711w, https:\/\/medistar.hu\/wp-content\/uploads\/2023\/02\/lablec-csik-300x22.png 300w\" sizes=\"(max-width: 711px) 100vw, 711px\" \/>\t\t\t\t\t\t\t\t\t\t\t\t\t\t\t<\/div>\n\t\t\t\t<\/div>\n\t\t\t\t\t<\/div>\n\t\t<\/div>\n\t\t\t\t\t<\/div>\n\t\t<\/section>\n\t\t\t\t\t<\/div>\n\t\t<\/div>\n\t\t\t\t<div class=\"elementor-column elementor-col-33 elementor-top-column elementor-element elementor-element-09da518\" data-id=\"09da518\" data-element_type=\"column\" data-e-type=\"column\">\n\t\t\t<div class=\"elementor-widget-wrap elementor-element-populated\">\n\t\t\t\t\t\t<div class=\"elementor-element elementor-element-1c55f0c elementor-widget elementor-widget-html\" data-id=\"1c55f0c\" data-element_type=\"widget\" data-e-type=\"widget\" data-widget_type=\"html.default\">\n\t\t\t\t<div class=\"elementor-widget-container\">\n\t\t\t\t\t<img decoding=\"async\" src=\"https:\/\/medistar.hu\/wp-content\/uploads\/2023\/02\/Icon-Cim.png\" style=\"vertical-align: middle; width: 35px;\"> 6721 Szeged Juh\u00e1sz Gyula utca. 16.<br>\n<img decoding=\"async\" src=\"https:\/\/medistar.hu\/wp-content\/uploads\/2023\/02\/Icon-Tel.png\" style=\"vertical-align: middle; width: 35px;\"> 62\/425-499<br>\n<img decoding=\"async\" src=\"https:\/\/medistar.hu\/wp-content\/uploads\/2023\/02\/Icon-Mobil.png\" style=\"vertical-align: middle; width: 35px;\"> +36-30\/756-0332<br>\n<img decoding=\"async\" src=\"https:\/\/medistar.hu\/wp-content\/uploads\/2023\/02\/Icon-EMail.png\" style=\"vertical-align: middle; width: 35px;\"> medistarkft@gmail.com<br>\n\t\t\t\t<\/div>\n\t\t\t\t<\/div>\n\t\t\t\t<section class=\"elementor-section elementor-inner-section elementor-element elementor-element-cc2a1f5 elementor-section-full_width elementor-section-height-default elementor-section-height-default\" data-id=\"cc2a1f5\" data-element_type=\"section\" data-e-type=\"section\">\n\t\t\t\t\t\t<div class=\"elementor-container elementor-column-gap-no\">\n\t\t\t\t\t<div class=\"elementor-column elementor-col-100 elementor-inner-column elementor-element elementor-element-05077c0\" data-id=\"05077c0\" data-element_type=\"column\" data-e-type=\"column\">\n\t\t\t<div class=\"elementor-widget-wrap elementor-element-populated\">\n\t\t\t\t\t\t<div class=\"elementor-element elementor-element-e799323 elementor-widget elementor-widget-image\" data-id=\"e799323\" data-element_type=\"widget\" data-e-type=\"widget\" data-widget_type=\"image.default\">\n\t\t\t\t<div class=\"elementor-widget-container\">\n\t\t\t\t\t\t\t\t\t\t\t\t\t\t\t<img decoding=\"async\" width=\"711\" height=\"53\" src=\"https:\/\/medistar.hu\/wp-content\/uploads\/2023\/02\/lablec-csik.png\" class=\"attachment-large size-large wp-image-254\" alt=\"\" srcset=\"https:\/\/medistar.hu\/wp-content\/uploads\/2023\/02\/lablec-csik.png 711w, https:\/\/medistar.hu\/wp-content\/uploads\/2023\/02\/lablec-csik-300x22.png 300w\" sizes=\"(max-width: 711px) 100vw, 711px\" \/>\t\t\t\t\t\t\t\t\t\t\t\t\t\t\t<\/div>\n\t\t\t\t<\/div>\n\t\t\t\t\t<\/div>\n\t\t<\/div>\n\t\t\t\t\t<\/div>\n\t\t<\/section>\n\t\t\t\t\t<\/div>\n\t\t<\/div>\n\t\t\t\t\t<\/div>\n\t\t<\/section>\n\t\t\t\t<section class=\"elementor-section elementor-top-section elementor-element elementor-element-a6a696b elementor-section-full_width elementor-section-content-middle elementor-section-stretched elementor-section-height-default elementor-section-height-default\" data-id=\"a6a696b\" data-element_type=\"section\" data-e-type=\"section\" data-settings=\"{&quot;stretch_section&quot;:&quot;section-stretched&quot;,&quot;background_background&quot;:&quot;classic&quot;}\">\n\t\t\t\t\t\t<div class=\"elementor-container elementor-column-gap-no\">\n\t\t\t\t\t<div class=\"elementor-column elementor-col-50 elementor-top-column elementor-element elementor-element-09b146d\" data-id=\"09b146d\" data-element_type=\"column\" data-e-type=\"column\">\n\t\t\t<div class=\"elementor-widget-wrap elementor-element-populated\">\n\t\t\t\t\t\t<div class=\"elementor-element elementor-element-f9d6514 elementor-widget elementor-widget-html\" data-id=\"f9d6514\" data-element_type=\"widget\" data-e-type=\"widget\" data-widget_type=\"html.default\">\n\t\t\t\t<div class=\"elementor-widget-container\">\n\t\t\t\t\t<img decoding=\"async\" src=\"https:\/\/medistar.hu\/wp-content\/uploads\/2023\/02\/Icon-Tel.png\" style=\"vertical-align: middle; width: 35px;margin: 2px;\"> 62\/425-499\t\t\t\t<\/div>\n\t\t\t\t<\/div>\n\t\t\t\t\t<\/div>\n\t\t<\/div>\n\t\t\t\t<div class=\"elementor-column elementor-col-50 elementor-top-column elementor-element elementor-element-78047d0\" data-id=\"78047d0\" data-element_type=\"column\" data-e-type=\"column\">\n\t\t\t<div class=\"elementor-widget-wrap elementor-element-populated\">\n\t\t\t\t\t\t<div class=\"elementor-element elementor-element-c868b23 elementor-widget elementor-widget-html\" data-id=\"c868b23\" data-element_type=\"widget\" data-e-type=\"widget\" data-widget_type=\"html.default\">\n\t\t\t\t<div class=\"elementor-widget-container\">\n\t\t\t\t\t<img decoding=\"async\" src=\"https:\/\/medistar.hu\/wp-content\/uploads\/2023\/02\/Icon-Mobil.png\" style=\"vertical-align: middle; width: 35px;margin: 2px;\"> +36-30\/756-0332\t\t\t\t<\/div>\n\t\t\t\t<\/div>\n\t\t\t\t\t<\/div>\n\t\t<\/div>\n\t\t\t\t\t<\/div>\n\t\t<\/section>\n\t\t\t\t<\/div>\n\t\t","protected":false},"excerpt":{"rendered":"<p>Omega 3 6721 Szeged Juh\u00e1sz Gyula utca. 16. 62\/425-499 +36-30\/756-0332 medistarkft@gmail.com 62\/425-499 +36-30\/756-0332<\/p>\n","protected":false},"author":1,"featured_media":0,"parent":0,"menu_order":0,"comment_status":"closed","ping_status":"closed","template":"","meta":{"site-sidebar-layout":"default","site-content-layout":"default","ast-global-header-display":"","ast-main-header-display":"","ast-hfb-above-header-display":"","ast-hfb-below-header-display":"","ast-hfb-mobile-header-display":"","site-post-title":"","ast-breadcrumbs-content":"","ast-featured-img":"","footer-sml-layout":"","theme-transparent-header-meta":"","adv-header-id-meta":"","stick-header-meta":"","header-above-stick-meta":"","header-main-stick-meta":"","header-below-stick-meta":"","footnotes":""},"class_list":["post-148","page","type-page","status-publish","hentry"],"yoast_head":"<!-- This site is optimized with the Yoast SEO plugin v20.4 - https:\/\/yoast.com\/wordpress\/plugins\/seo\/ -->\n<title>Omega-3 -<\/title>\n<meta name=\"robots\" content=\"index, follow, max-snippet:-1, max-image-preview:large, max-video-preview:-1\" \/>\n<link rel=\"canonical\" href=\"https:\/\/medistar.hu\/index.php\/omega-3\/\" \/>\n<meta property=\"og:locale\" content=\"hu_HU\" \/>\n<meta property=\"og:type\" content=\"article\" \/>\n<meta property=\"og:title\" content=\"Omega-3 -\" \/>\n<meta property=\"og:description\" content=\"Omega 3 6721 Szeged Juh\u00e1sz Gyula utca. 16. 62\/425-499 +36-30\/756-0332 medistarkft@gmail.com 62\/425-499 +36-30\/756-0332\" \/>\n<meta property=\"og:url\" content=\"https:\/\/medistar.hu\/index.php\/omega-3\/\" \/>\n<meta property=\"article:modified_time\" content=\"2023-07-27T09:31:00+00:00\" \/>\n<meta property=\"og:image\" content=\"https:\/\/medistar.hu\/wp-content\/uploads\/2023\/02\/lablec-img-2.png\" \/>\n<meta name=\"twitter:card\" content=\"summary_large_image\" \/>\n<meta name=\"twitter:label1\" content=\"Becs\u00fclt olvas\u00e1si id\u0151\" \/>\n\t<meta name=\"twitter:data1\" content=\"3 perc\" \/>\n<script type=\"application\/ld+json\" class=\"yoast-schema-graph\">{\"@context\":\"https:\/\/schema.org\",\"@graph\":[{\"@type\":\"WebPage\",\"@id\":\"https:\/\/medistar.hu\/index.php\/omega-3\/\",\"url\":\"https:\/\/medistar.hu\/index.php\/omega-3\/\",\"name\":\"Omega-3 -\",\"isPartOf\":{\"@id\":\"https:\/\/medistar.hu\/#website\"},\"datePublished\":\"2023-02-15T07:58:17+00:00\",\"dateModified\":\"2023-07-27T09:31:00+00:00\",\"breadcrumb\":{\"@id\":\"https:\/\/medistar.hu\/index.php\/omega-3\/#breadcrumb\"},\"inLanguage\":\"hu\",\"potentialAction\":[{\"@type\":\"ReadAction\",\"target\":[\"https:\/\/medistar.hu\/index.php\/omega-3\/\"]}]},{\"@type\":\"BreadcrumbList\",\"@id\":\"https:\/\/medistar.hu\/index.php\/omega-3\/#breadcrumb\",\"itemListElement\":[{\"@type\":\"ListItem\",\"position\":1,\"name\":\"Kezd\u0151lap\",\"item\":\"https:\/\/medistar.hu\/\"},{\"@type\":\"ListItem\",\"position\":2,\"name\":\"Omega-3\"}]},{\"@type\":\"WebSite\",\"@id\":\"https:\/\/medistar.hu\/#website\",\"url\":\"https:\/\/medistar.hu\/\",\"name\":\"\",\"description\":\"\",\"potentialAction\":[{\"@type\":\"SearchAction\",\"target\":{\"@type\":\"EntryPoint\",\"urlTemplate\":\"https:\/\/medistar.hu\/?s={search_term_string}\"},\"query-input\":\"required name=search_term_string\"}],\"inLanguage\":\"hu\"}]}<\/script>\n<!-- \/ Yoast SEO plugin. -->","yoast_head_json":{"title":"Omega-3 -","robots":{"index":"index","follow":"follow","max-snippet":"max-snippet:-1","max-image-preview":"max-image-preview:large","max-video-preview":"max-video-preview:-1"},"canonical":"https:\/\/medistar.hu\/index.php\/omega-3\/","og_locale":"hu_HU","og_type":"article","og_title":"Omega-3 -","og_description":"Omega 3 6721 Szeged Juh\u00e1sz Gyula utca. 16. 62\/425-499 +36-30\/756-0332 medistarkft@gmail.com 62\/425-499 +36-30\/756-0332","og_url":"https:\/\/medistar.hu\/index.php\/omega-3\/","article_modified_time":"2023-07-27T09:31:00+00:00","og_image":[{"url":"https:\/\/medistar.hu\/wp-content\/uploads\/2023\/02\/lablec-img-2.png"}],"twitter_card":"summary_large_image","twitter_misc":{"Becs\u00fclt olvas\u00e1si id\u0151":"3 perc"},"schema":{"@context":"https:\/\/schema.org","@graph":[{"@type":"WebPage","@id":"https:\/\/medistar.hu\/index.php\/omega-3\/","url":"https:\/\/medistar.hu\/index.php\/omega-3\/","name":"Omega-3 -","isPartOf":{"@id":"https:\/\/medistar.hu\/#website"},"datePublished":"2023-02-15T07:58:17+00:00","dateModified":"2023-07-27T09:31:00+00:00","breadcrumb":{"@id":"https:\/\/medistar.hu\/index.php\/omega-3\/#breadcrumb"},"inLanguage":"hu","potentialAction":[{"@type":"ReadAction","target":["https:\/\/medistar.hu\/index.php\/omega-3\/"]}]},{"@type":"BreadcrumbList","@id":"https:\/\/medistar.hu\/index.php\/omega-3\/#breadcrumb","itemListElement":[{"@type":"ListItem","position":1,"name":"Kezd\u0151lap","item":"https:\/\/medistar.hu\/"},{"@type":"ListItem","position":2,"name":"Omega-3"}]},{"@type":"WebSite","@id":"https:\/\/medistar.hu\/#website","url":"https:\/\/medistar.hu\/","name":"","description":"","potentialAction":[{"@type":"SearchAction","target":{"@type":"EntryPoint","urlTemplate":"https:\/\/medistar.hu\/?s={search_term_string}"},"query-input":"required name=search_term_string"}],"inLanguage":"hu"}]}},"_links":{"self":[{"href":"https:\/\/medistar.hu\/index.php\/wp-json\/wp\/v2\/pages\/148","targetHints":{"allow":["GET"]}}],"collection":[{"href":"https:\/\/medistar.hu\/index.php\/wp-json\/wp\/v2\/pages"}],"about":[{"href":"https:\/\/medistar.hu\/index.php\/wp-json\/wp\/v2\/types\/page"}],"author":[{"embeddable":true,"href":"https:\/\/medistar.hu\/index.php\/wp-json\/wp\/v2\/users\/1"}],"replies":[{"embeddable":true,"href":"https:\/\/medistar.hu\/index.php\/wp-json\/wp\/v2\/comments?post=148"}],"version-history":[{"count":10,"href":"https:\/\/medistar.hu\/index.php\/wp-json\/wp\/v2\/pages\/148\/revisions"}],"predecessor-version":[{"id":450,"href":"https:\/\/medistar.hu\/index.php\/wp-json\/wp\/v2\/pages\/148\/revisions\/450"}],"wp:attachment":[{"href":"https:\/\/medistar.hu\/index.php\/wp-json\/wp\/v2\/media?parent=148"}],"curies":[{"name":"wp","href":"https:\/\/api.w.org\/{rel}","templated":true}]}}